{"id":5262,"date":"2021-09-28T07:30:13","date_gmt":"2021-09-28T07:30:13","guid":{"rendered":"https:\/\/thepropertyadvisory.cz\/?page_id=5262"},"modified":"2023-02-20T14:04:37","modified_gmt":"2023-02-20T13:04:37","slug":"dekuji","status":"publish","type":"page","link":"https:\/\/thepropertyadvisory.cz\/pl\/dekuji\/","title":{"rendered":"Dekuji"},"content":{"rendered":"<div data-elementor-type=\"wp-page\" data-elementor-id=\"5262\" class=\"elementor elementor-5262\" data-elementor-post-type=\"page\">\n\t\t\t\t\t\t<section class=\"elementor-section elementor-top-section elementor-element elementor-element-35032c35 elementor-section-boxed elementor-section-height-default elementor-section-height-default\" data-id=\"35032c35\" data-element_type=\"section\" data-e-type=\"section\" data-settings=\"{&quot;background_background&quot;:&quot;classic&quot;}\">\n\t\t\t\t\t\t<div class=\"elementor-container elementor-column-gap-default\">\n\t\t\t\t\t<div class=\"elementor-column elementor-col-100 elementor-top-column elementor-element elementor-element-27f578aa\" data-id=\"27f578aa\" data-element_type=\"column\" data-e-type=\"column\">\n\t\t\t<div class=\"elementor-widget-wrap elementor-element-populated\">\n\t\t\t\t\t\t<div class=\"elementor-element elementor-element-e07cad0 elementor-widget elementor-widget-text-editor\" data-id=\"e07cad0\" data-element_type=\"widget\" data-e-type=\"widget\" data-widget_type=\"text-editor.default\">\n\t\t\t\t<div class=\"elementor-widget-container\">\n\t\t\t\t\t\t\t\t\t<p>\u00a0<\/p><h3>\u00a0<\/h3><h3 style=\"text-align: center;\">D\u011bkuji za va\u0161i zpr\u00e1vu. \u010clen na\u0161eho t\u00fdmu v\u00e1s brzy kontaktuje.<\/h3><div>\u00a0<\/div><p><img decoding=\"async\" class=\"wp-image-5426 aligncenter\" src=\"https:\/\/thepropertyadvisory.eu\/wp-content\/uploads\/2021\/10\/brochure_czech_the_property_advisory-207x300.jpg\" alt=\"\" width=\"137\" height=\"199\" srcset=\"https:\/\/thepropertyadvisory.cz\/wp-content\/uploads\/2021\/10\/brochure_czech_the_property_advisory-207x300.jpg 207w, https:\/\/thepropertyadvisory.cz\/wp-content\/uploads\/2021\/10\/brochure_czech_the_property_advisory-706x1024.jpg 706w, https:\/\/thepropertyadvisory.cz\/wp-content\/uploads\/2021\/10\/brochure_czech_the_property_advisory-768x1114.jpg 768w, https:\/\/thepropertyadvisory.cz\/wp-content\/uploads\/2021\/10\/brochure_czech_the_property_advisory-8x12.jpg 8w, https:\/\/thepropertyadvisory.cz\/wp-content\/uploads\/2021\/10\/brochure_czech_the_property_advisory.jpg 984w\" sizes=\"(max-width: 137px) 100vw, 137px\" \/><\/p>\t\t\t\t\t\t\t\t<\/div>\n\t\t\t\t<\/div>\n\t\t\t\t\t<\/div>\n\t\t<\/div>\n\t\t\t\t\t<\/div>\n\t\t<\/section>\n\t\t\t\t<section class=\"elementor-section elementor-top-section elementor-element elementor-element-1a469332 elementor-section-boxed elementor-section-height-default elementor-section-height-default\" data-id=\"1a469332\" data-element_type=\"section\" data-e-type=\"section\" data-settings=\"{&quot;background_background&quot;:&quot;classic&quot;}\">\n\t\t\t\t\t\t<div class=\"elementor-container elementor-column-gap-default\">\n\t\t\t\t\t<div class=\"elementor-column elementor-col-100 elementor-top-column elementor-element elementor-element-8e52ac9\" data-id=\"8e52ac9\" data-element_type=\"column\" data-e-type=\"column\">\n\t\t\t<div class=\"elementor-widget-wrap elementor-element-populated\">\n\t\t\t\t\t\t<div class=\"elementor-element elementor-element-497ad2bb elementor-align-center elementor-widget elementor-widget-button\" data-id=\"497ad2bb\" data-element_type=\"widget\" data-e-type=\"widget\" data-widget_type=\"button.default\">\n\t\t\t\t<div class=\"elementor-widget-container\">\n\t\t\t\t\t\t\t\t\t<div class=\"elementor-button-wrapper\">\n\t\t\t\t\t<a class=\"elementor-button elementor-button-link elementor-size-sm\" href=\"https:\/\/thepropertyadvisory.cz\/wp-content\/downloads\/The_Property_Advisory_Bro\u017eura_2021.pdf\" target=\"_blank\">\n\t\t\t\t\t\t<span class=\"elementor-button-content-wrapper\">\n\t\t\t\t\t\t\t\t\t<span class=\"elementor-button-text\">ST\u00c1HN\u011aTE SI NA\u0160EHO NEJNOV\u011aJ\u0160\u00cdHO PR\u016eVODCE ZDE<\/span>\n\t\t\t\t\t<\/span>\n\t\t\t\t\t<\/a>\n\t\t\t\t<\/div>\n\t\t\t\t\t\t\t\t<\/div>\n\t\t\t\t<\/div>\n\t\t\t\t<div class=\"elementor-element elementor-element-6e156a09 elementor-widget elementor-widget-spacer\" data-id=\"6e156a09\" data-element_type=\"widget\" data-e-type=\"widget\" data-widget_type=\"spacer.default\">\n\t\t\t\t<div class=\"elementor-widget-container\">\n\t\t\t\t\t\t\t<div class=\"elementor-spacer\">\n\t\t\t<div class=\"elementor-spacer-inner\"><\/div>\n\t\t<\/div>\n\t\t\t\t\t\t<\/div>\n\t\t\t\t<\/div>\n\t\t\t\t\t<\/div>\n\t\t<\/div>\n\t\t\t\t\t<\/div>\n\t\t<\/section>\n\t\t\t\t<\/div>","protected":false},"excerpt":{"rendered":"<p>\u00a0 \u00a0 D\u011bkuji za va\u0161i zpr\u00e1vu. \u010clen na\u0161eho t\u00fdmu v\u00e1s brzy kontaktuje. \u00a0 ST\u00c1HN\u011aTE SI NA\u0160EHO NEJNOV\u011aJ\u0160\u00cdHO PR\u016eVODCE ZDE<\/p>","protected":false},"author":1,"featured_media":0,"parent":0,"menu_order":0,"comment_status":"closed","ping_status":"closed","template":"elementor_header_footer","meta":{"_joinchat":[],"footnotes":""},"class_list":["post-5262","page","type-page","status-publish","hentry"],"_links":{"self":[{"href":"https:\/\/thepropertyadvisory.cz\/pl\/wp-json\/wp\/v2\/pages\/5262","targetHints":{"allow":["GET"]}}],"collection":[{"href":"https:\/\/thepropertyadvisory.cz\/pl\/wp-json\/wp\/v2\/pages"}],"about":[{"href":"https:\/\/thepropertyadvisory.cz\/pl\/wp-json\/wp\/v2\/types\/page"}],"author":[{"embeddable":true,"href":"https:\/\/thepropertyadvisory.cz\/pl\/wp-json\/wp\/v2\/users\/1"}],"replies":[{"embeddable":true,"href":"https:\/\/thepropertyadvisory.cz\/pl\/wp-json\/wp\/v2\/comments?post=5262"}],"version-history":[{"count":5,"href":"https:\/\/thepropertyadvisory.cz\/pl\/wp-json\/wp\/v2\/pages\/5262\/revisions"}],"predecessor-version":[{"id":18734,"href":"https:\/\/thepropertyadvisory.cz\/pl\/wp-json\/wp\/v2\/pages\/5262\/revisions\/18734"}],"wp:attachment":[{"href":"https:\/\/thepropertyadvisory.cz\/pl\/wp-json\/wp\/v2\/media?parent=5262"}],"curies":[{"name":"wp","href":"https:\/\/api.w.org\/{rel}","templated":true}]}}